{"id":549,"date":"2022-06-22T17:39:59","date_gmt":"2022-06-22T15:39:59","guid":{"rendered":"https:\/\/bitcamp.it\/blog\/?page_id=549"},"modified":"2023-12-07T09:56:39","modified_gmt":"2023-12-07T08:56:39","slug":"cookie-policy","status":"publish","type":"page","link":"https:\/\/bitcamp.it\/blog\/cookie-policy\/","title":{"rendered":"Cookie Policy"},"content":{"rendered":"\n<h2 class=\"wp-block-heading\"><strong>Politica dei cookie di questo sito in ottemperanza alla direttiva del Garante della Privacy.<\/strong><\/h2>\n\n\n\n<p>Il&nbsp;&nbsp;<strong>Garante della Privacy<\/strong>&nbsp;ha recepito una&nbsp;&nbsp;<a href=\"http:\/\/www.ideepercomputeredinternet.com\/2014\/06\/cookie-banner-garante-privacy.html\" target=\"_blank\" rel=\"noreferrer noopener nofollow\"><strong>direttiva europea<\/strong>&nbsp;<\/a>&nbsp;che impone agli amministratori delle pagine web di mostrare ai visitatori un banner che li informa di quale sia lo&nbsp;&nbsp;<strong>politica dei cookie<\/strong>&nbsp;del sito che stanno consultando e di subordinare la sua accettazione al proseguimento della navigazione.<\/p>\n\n\n\n<p>A tale proposito se&nbsp;hai bisogno di ulteriori informazioni o se hai domande sulla&nbsp;<strong>&nbsp;politica della privacy di questo sito ti preghiamo di contattarci via email all&#8217;indirizzo<\/strong><\/p>\n\n\n\n<p><strong><em>privacy@bitcamp.it<\/em><\/strong><\/p>\n\n\n\n<p>In questa pagina sono descritte le modalit\u00e0 con cui le&nbsp;<strong>&nbsp;informazioni personal<\/strong>i vengono&nbsp;&nbsp;<strong>ricevute e raccolte<\/strong>&nbsp;e come sono&nbsp;<strong>&nbsp;utilizzate<\/strong>&nbsp;da&nbsp;<strong>&nbsp;www.&nbsp;<\/strong><em><strong>bitcamp<\/strong><\/em><strong>.it&nbsp;<\/strong>. A questo scopo si usano i cookie vale a dire dei&nbsp;<strong>&nbsp;file testuali<\/strong>&nbsp;per agevolare la navigazione dell&#8217;utente.<\/p>\n\n\n\n<h3 class=\"wp-block-heading\">COOKIE LAW<\/h3>\n\n\n\n<h4 class=\"wp-block-heading\">&nbsp;&nbsp;&nbsp;1) Che cosa sono i cookie?<\/h4>\n\n\n\n<p>I cookie sono dei file di testo che i siti visitati inviano al browser dell&#8217;utente e che vengono memorizzati per poi essere ritrasmessi al sito alla visita successiva.<\/p>\n\n\n\n<h4 class=\"wp-block-heading\">&nbsp; &nbsp;2) A cosa servono i cookie?&nbsp;<\/h4>\n\n\n\n<p>I cookie possono essere usati per monitorare le sessioni, per autenticare un utente in modo che possa accedere a un sito senza digitare ogni volta nome e password e per memorizzare le sue preferenze.<\/p>\n\n\n\n<h4 class=\"wp-block-heading\">&nbsp; &nbsp;3) Cosa sono i cookie tecnici?<\/h4>\n\n\n\n<p>I cookie cosiddetti tecnici servono per la navigazione e per facilitare l&#8217;accesso e la fruizione del sito da parte dell&#8217;utente. I cookie tecnici sono essenziali per esempio per accedere a Google o a Facebook senza doversi loggare a tutte le sessioni. Lo sono anche in operazioni molto delicate quali quelle della home banking o del pagamento tramite carta di credito o per mezzo di altri sistemi.<\/p>\n\n\n\n<h4 class=\"wp-block-heading\">&nbsp; &nbsp;4) I cookie Analytics sono cookie tecnici?&nbsp;<\/h4>\n\n\n\n<p>In altri termini i cookie che vengono inseriti nel browser e ritrasmessi mediante Google Analytics o tramite il servizio Statistiche di Blogger o similari sono cookie tecnici?. Il Garante ha affermato che questi cookie possono essere ritenuti tecnici solo se&nbsp;&nbsp;<em>&#8220;utilizzati a fini di ottimizzazione del sito direttamente dal titolare del sito stesso, che potr\u00e0 raccogliere informazioni in forma aggregata sul numero degli utenti e su come questi visitano il sito. A queste condizioni, per i cookie analytics valgono le stesse regole, in tema di informativa e consenso, previste per i cookie tecnici.&#8221;&nbsp;<\/em><\/p>\n\n\n\n<h4 class=\"wp-block-heading\">&nbsp; &nbsp;5) Che cosa sono i cookie di profilazione?<\/h4>\n\n\n\n<p>Sono cokie utilizzati per tracciare la navigazione dell&#8217;utente per creare profili sui suoi gusti, sulle sue preferenze, sui suoi interessi e anche sulle sue ricerche. Vi sar\u00e0 certamente capitato di vedere dei banner pubblicitari relativi a un prodotto che poco prima avete cercato su internet. La ragione sta proprio nella profilazione dei vostri interessi e i server indirizzati opportunamente dai cookie vi hanno mostrato gli annunci ritenuti pi\u00f9 pertinenti.<\/p>\n\n\n\n<h4 class=\"wp-block-heading\">&nbsp; &nbsp;6) \u00c8 necessario il consenso dell&#8217;utente per l&#8217;installazione dei cookie sul suo terminale?<\/h4>\n\n\n\n<p>Per l&#8217;installazione dei cookie tecnici non \u00e8 richiesto alcun consenso mentre i&nbsp;&nbsp;<strong>cookie di profilazione possono essere installati nel terminale dell&#8217;utente solo dopo che quest&#8217;ultimo abbia dato il consenso<\/strong>&nbsp;e dopo essere stato informato in modo semplificato.<\/p>\n\n\n\n<h4 class=\"wp-block-heading\">&nbsp; &nbsp;7) In che modo gli webmaster possono richiedere il consenso?<\/h4>\n\n\n\n<p>Il Garante per la Privacy ha stabilito che&nbsp; nel momento in cui l&#8217;utente accede a un sito web deve comparire un banner contenente una informativa breve, la richiesta del consenso e un link per l&#8217;informativa pi\u00f9 estesa come quella visibile in questa pagina su che cosa siano i cookie di profilazione e sull&#8217;uso che ne viene fatto nel sito in oggetto.<\/p>\n\n\n\n<h4 class=\"wp-block-heading\">&nbsp; &nbsp;8) In che modo deve essere realizzato il banner?<\/h4>\n\n\n\n<p>Il banner deve essere concepito da nascondere una parte del contenuto della pagina e specificare che il sito utilizza cookie di profilazione anche di terze parti. Il banner deve poter essere&nbsp;&nbsp;<strong>eliminato solo con una azione attiva da parte dell&#8217;utente<\/strong>&nbsp;come potrebbe essere un click.<\/p>\n\n\n\n<h4 class=\"wp-block-heading\">&nbsp; &nbsp;9) Che indicazioni deve contenere il banner?&nbsp;<\/h4>\n\n\n\n<p>Il banner deve contenere&nbsp;&nbsp;<strong>l&#8217;informativa breve, il link alla informativa estesa e il bottone per dare il consenso all&#8217;utilizzo dei cookie di profilazione<\/strong>.<\/p>\n\n\n\n<h4 class=\"wp-block-heading\">&nbsp; &nbsp;10) Come tenere documentazione del consenso all&#8217;uso dei cookie?<\/h4>\n\n\n\n<p>\u00c8 consentito che venga usato un cookie tecnico che&nbsp;&nbsp;<strong>tenga conto del consenso dell&#8217;utente<\/strong>&nbsp;in modo che questi non abbia a dover nuovamente esprimere il consenso in una visita successiva al sito.<\/p>\n\n\n\n<h4 class=\"wp-block-heading\">&nbsp; &nbsp;11) Il consenso all&#8217;uso dei cookie si pu\u00f2 avere solo con il banner?<\/h4>\n\n\n\n<p>No. Si possono usare altri sistemi purch\u00e9 il sistema individuato abbia gli stessi requisiti. L&#8217;uso del banner non \u00e8 necessario per i siti che utilizzano solo cookie tecnici.<\/p>\n\n\n\n<h4 class=\"wp-block-heading\">&nbsp; &nbsp;12) Che cosa si deve inserire nella pagina informativa pi\u00f9 estesa?<\/h4>\n\n\n\n<p>Si devono illustrare le c&nbsp;<strong>aratteristiche dei cookie installati anche da terze parti.<\/strong>&nbsp;Si devono altres\u00ec indicare all&#8217;utente le modalit\u00e0 con cui navigare nel sito senza che vengano tracciate le sue preferenze con la possibilit\u00e0 di navigazione in incognito e con la cancellazione di singoli cookie.<\/p>\n\n\n\n<h4 class=\"wp-block-heading\">&nbsp; &nbsp;13) Chi \u00e8 tenuto a informare il Garante che usa cookie di profilazione?<\/h4>\n\n\n\n<p>Il titolare del sito ha tale onere. Se nel suo sito utilizza solo cokie di profilazione di terze parti non occorre che informi il Garante ma \u00e8 tenuto a indicare quali siano questi&nbsp;&nbsp;<strong>cookie di terze parti<\/strong>&nbsp;e a indicare i l&nbsp;<strong>ink alle informative in merito<\/strong>.<\/p>\n\n\n\n<h4 class=\"wp-block-heading\">&nbsp; &nbsp;14) Quando entrer\u00e0 in vigore questa normativa?<\/h4>\n\n\n\n<p>Il Garante ha dato un anno di tempo per mettersi in regola e la scadenza \u00e8 il&nbsp;&nbsp;<strong>2 Giugno 2015.<\/strong><\/p>\n\n\n\n<h3 class=\"wp-block-heading\">COOKIE UTILIZZATI IN QUESTO SITO<\/h3>\n\n\n\n<p><strong>File di log:<\/strong>&nbsp;Come molti altri siti web anche questo fa uso di&nbsp;<strong>&nbsp;file di log&nbsp;<\/strong>registra cio\u00e8 la&nbsp;&nbsp;<strong>cronologia delle operazioni<\/strong>&nbsp;man mano che vengono eseguite. Le informazioni contenute all&#8217;interno dei&nbsp;&nbsp;<strong>file di registro&nbsp;<\/strong>includono indirizzi&nbsp;&nbsp;<strong>IP<\/strong>, tipo di&nbsp;<strong>&nbsp;browser<\/strong>,&nbsp;&nbsp;<strong>Internet Service Provider (&nbsp;<\/strong><a href=\"http:\/\/it.wikipedia.org\/wiki\/Internet_Service_Provider\" target=\"_blank\" rel=\"noreferrer noopener nofollow\"><strong>ISP<\/strong><\/a><strong>)&nbsp;<\/strong>,&nbsp;&nbsp;<strong>data, ora, pagina di ingresso e uscita<\/strong>&nbsp;e il&nbsp;&nbsp;<strong>numero di clic.&nbsp;<\/strong>Tutto questo per&nbsp;&nbsp;<strong>analizzare le tendenze, amministrare il sito, monitorare il movimento dell&#8217;utente dentro il sito e raccogliere dati demografici, indirizzi IP e altre informazioni<\/strong>. Tale dati&nbsp;&nbsp;<strong>non sono riconducibili in alcun modo all&#8217;identit\u00e0 dell&#8217;utente<\/strong>.<\/p>\n\n\n\n<h4 class=\"wp-block-heading\">UTILIZZO DI GOOGLE ANALYTICS IN QUESTO SITO&nbsp;<\/h4>\n\n\n\n<p>Come detto i&nbsp;&nbsp;<strong>cookie analytics<\/strong>&nbsp;sono considerati&nbsp;&nbsp;<strong>tecnici se utilizzati solo a fini di ottimizzazione<\/strong>&nbsp;e se gli IP degli utenti sono mantenuti anonimi.&nbsp; Informiamo l&#8217;utente che questo sito utilizza il servizio gratuito di&nbsp;<strong>&nbsp;Google Analytics.&nbsp;&nbsp;<\/strong>Ricordiamo che i dati vengono usati solo per avere i&nbsp;&nbsp;<strong>dati delle pagine pi\u00f9 visitate, del numero di visitatori, i dati aggregati delle visite per sistema operativo, per browser,&nbsp;<\/strong>ecc. Questi parametri vengono archiviati nei&nbsp;<strong>&nbsp;<\/strong>&nbsp;<a href=\"https:\/\/www.google.com\/analytics\/learn\/privacy.html?hl=it\" target=\"_blank\" rel=\"noreferrer noopener nofollow\"><strong>server di Google<\/strong>&nbsp;&nbsp;<\/a>che ne disciplina la Privacy secondo queste&nbsp;&nbsp;<a href=\"http:\/\/www.google.com\/intl\/it\/policies\/privacy\/\" target=\"_blank\" rel=\"noreferrer noopener nofollow\"><strong>linee guida<\/strong><\/a><strong>.<\/strong><br><br><strong>Un utente pu\u00f2 disattivare Google Analytics durante la navigazione utilizzando il&nbsp;&nbsp;<a href=\"https:\/\/tools.google.com\/dlpage\/gaoptout?hl=it\" target=\"_blank\" rel=\"noreferrer noopener nofollow\">componenete aggiuntivo disponibile per Chrome, Firefox, Internet Explorer, Opera e Safari<\/a>.<\/strong><br><br>Si possono altres\u00ec<\/p>\n\n\n\n<ul class=\"wp-block-list\"><li><a href=\"http:\/\/www.ideepercomputeredinternet.com\/2012\/10\/cookie-browser-chrome-firefox-ie-eliminare.html\" target=\"_blank\" rel=\"noreferrer noopener nofollow\"><strong>cancellare i cookie singolarmente per ciascun dominio<\/strong><\/a><strong>,&nbsp;<\/strong><\/li><li><a href=\"http:\/\/www.ideepercomputeredinternet.com\/2014\/06\/cancellare-ricerche-google-yahoo-bing-twitter-facebook-youtube.html\" target=\"_blank\" rel=\"noreferrer noopener nofollow\"><strong>nascondere le ricerche.<\/strong><\/a><\/li><li><a href=\"https:\/\/www.google.com\/settings\/u\/0\/ads?hl=it\" target=\"_blank\" rel=\"noreferrer noopener nofollow\"><strong>settare le impostazioni degli annunci di Google<\/strong><\/a><strong>.<\/strong><\/li><\/ul>\n\n\n\n<h3 class=\"wp-block-heading\">NAVIGAZIONE ANONIMA<\/h3>\n\n\n\n<p>Una navigazione&nbsp;&nbsp;<strong>senza l&#8217;utilizzo di cookie tecnici e di profilazione<\/strong>&nbsp;\u00e8 possibile mediante quella che viene definita&nbsp;&nbsp;<strong>navigazione in incognito&nbsp;<\/strong>e che \u00e8 fattibile con tutti i principali browser.<\/p>\n\n\n\n<ol class=\"wp-block-list\" type=\"1\"><li>Ulteriori informazioni sulla disabilitazione dei cookie su&nbsp;&nbsp;<a href=\"https:\/\/support.mozilla.org\/it\/kb\/Attivare%20e%20disattivare%20i%20cookie\" target=\"_blank\" rel=\"noreferrer noopener nofollow\"><strong>Firefox<\/strong>&nbsp;<\/a>,&nbsp;&nbsp;<a href=\"https:\/\/support.mozilla.org\/en-US\/kb\/enable-and-disable-cookies-website-preferences\" target=\"_blank\" rel=\"noreferrer noopener nofollow\"><strong>in inglese.<\/strong><\/a><\/li><li>Ulteriori informazioni sulla disabilitazione dei cookie su&nbsp;&nbsp;<a href=\"http:\/\/www.google.com\/policies\/technologies\/managing\/\" target=\"_blank\" rel=\"noreferrer noopener nofollow\"><strong>Chrome<\/strong>&nbsp;<\/a>,&nbsp;<a href=\"https:\/\/support.google.com\/chrome\/answer\/95647?hl=en\" target=\"_blank\" rel=\"noreferrer noopener nofollow\"><strong>&nbsp;in inglese<\/strong><\/a><\/li><li>Ulteriori informazioni sulla disabilitazione dei cookie su&nbsp;&nbsp;<a href=\"http:\/\/windows.microsoft.com\/it-it\/internet-explorer\/delete-manage-cookies#ie=ie-11\" target=\"_blank\" rel=\"noreferrer noopener nofollow\"><strong>Internet Explorer<\/strong>&nbsp;<\/a>,&nbsp;<a href=\"http:\/\/windows.microsoft.com\/en-us\/windows-vista\/block-or-allow-cookies\" target=\"_blank\" rel=\"noreferrer noopener nofollow\">&nbsp;&nbsp;<strong>in inglese<\/strong><\/a><\/li><li>Ulteriori informazioni sulla disabilitazione dei cookie su&nbsp;&nbsp;<a href=\"http:\/\/support.apple.com\/kb\/HT1677?viewlocale=it_IT&amp;locale=it_IT\" target=\"_blank\" rel=\"noreferrer noopener nofollow\"><strong>Safari&nbsp;<\/strong>&nbsp;<\/a>,&nbsp;<strong>&nbsp;&nbsp;<\/strong><a href=\"https:\/\/support.apple.com\/kb\/PH17191?&amp;locale=en_US\" target=\"_blank\" rel=\"noreferrer noopener nofollow\"><strong>in inglese<\/strong><\/a><\/li><li>Ulteriori informazioni sulla disabilitazione dei cookie su&nbsp;<strong>&nbsp;&nbsp;<\/strong><a href=\"http:\/\/help.opera.com\/Mac\/12.10\/it\/cookies.html\" target=\"_blank\" rel=\"noreferrer noopener nofollow\"><strong>Opera<\/strong><\/a><strong>&nbsp;<\/strong>,&nbsp;<strong>&nbsp;&nbsp;<\/strong><a href=\"http:\/\/help.opera.com\/Mac\/12.10\/en\/cookies.html\" target=\"_blank\" rel=\"noreferrer noopener nofollow\"><strong>in inglese.<\/strong><\/a><\/li><\/ol>\n\n\n\n<p>Ultimo aggiornamento giugno 2022<\/p>\n","protected":false},"excerpt":{"rendered":"<p>Politica dei cookie di questo sito in ottemperanza alla direttiva del Garante della Privacy. Il&nbsp;&nbsp;Garante della Privacy&nbsp;ha recepito una&nbsp;&nbsp;direttiva europea&nbsp;&nbsp;che impone agli amministratori delle pagine web di mostrare ai visitatori un banner che li informa di quale sia lo&nbsp;&nbsp;politica dei cookie&nbsp;del sito che stanno consultando e di subordinare la sua accettazione al proseguimento della navigazione. [&hellip;]<\/p>\n","protected":false},"author":1,"featured_media":0,"parent":0,"menu_order":0,"comment_status":"closed","ping_status":"open","template":"","meta":{"footnotes":""},"class_list":["post-549","page","type-page","status-publish","hentry"],"_links":{"self":[{"href":"https:\/\/bitcamp.it\/blog\/wp-json\/wp\/v2\/pages\/549","targetHints":{"allow":["GET"]}}],"collection":[{"href":"https:\/\/bitcamp.it\/blog\/wp-json\/wp\/v2\/pages"}],"about":[{"href":"https:\/\/bitcamp.it\/blog\/wp-json\/wp\/v2\/types\/page"}],"author":[{"embeddable":true,"href":"https:\/\/bitcamp.it\/blog\/wp-json\/wp\/v2\/users\/1"}],"replies":[{"embeddable":true,"href":"https:\/\/bitcamp.it\/blog\/wp-json\/wp\/v2\/comments?post=549"}],"version-history":[{"count":2,"href":"https:\/\/bitcamp.it\/blog\/wp-json\/wp\/v2\/pages\/549\/revisions"}],"predecessor-version":[{"id":551,"href":"https:\/\/bitcamp.it\/blog\/wp-json\/wp\/v2\/pages\/549\/revisions\/551"}],"wp:attachment":[{"href":"https:\/\/bitcamp.it\/blog\/wp-json\/wp\/v2\/media?parent=549"}],"curies":[{"name":"wp","href":"https:\/\/api.w.org\/{rel}","templated":true}]}}